{"id":15,"date":"2020-11-08T11:52:57","date_gmt":"2020-11-08T11:52:57","guid":{"rendered":"http:\/\/fotografie.marijkevanloon.nl\/?page_id=15"},"modified":"2022-11-22T12:45:45","modified_gmt":"2022-11-22T10:45:45","slug":"over-mij","status":"publish","type":"page","link":"https:\/\/fotografie.marijkevanloon.nl\/","title":{"rendered":"Over mij"},"content":{"rendered":"<p><img loading=\"lazy\" class=\" wp-image-334 alignleft\" src=\"http:\/\/fotografie.marijkevanloon.nl\/wp-content\/uploads\/2022\/07\/IMG_6692.72-262x300.jpg\" alt=\"\" width=\"215\" height=\"231\" \/><\/p>\n<p>&nbsp;<\/p>\n<p>&nbsp;<\/p>\n<p>&nbsp;<\/p>\n<p>&nbsp;<\/p>\n<p>&nbsp;<\/p>\n<p>Welkom op mijn fotosite. Ik hoop u te verassen met mijn werk.<\/p>\n<p>Mijn naam is Marijke van Loon en ben opgeleid in de beeldende kunst. Vanuit deze achtergrond maak ik ook mijn foto&#8217;s. Niet het onderwerp, maar de manier van kijken bepaalt het uiteindelijke beeld. Zo kunt u in mijn fotogalerie beelden zien met een grote diversiteit aan invalshoeken. Een plaatje zegt meer dan duizend woorden. Met \u00e9\u00e9n foto kan een heel verhaal worden verteld. Naast onder andere landschap, portret en architectuurfotografie is sinds de jaren 80 de interesse in kunstfotografie in een stroomversnelling geraakt. Deze manier van fotograferen kan je uitdagen om anders naar dingen te kijken. Soms is het een abstractie waar je over kunt fantaseren wat het voor jou is of wat je erin ziet. Vrije associaties maken of gewoon genieten van het beeld.<\/p>\n<p>Veel van de foto&#8217;s zijn samengesteld en bewerkt in fotoshop. Dit wil zeggen dat van meerdere foto&#8217;s, soms wel 40, \u00e9\u00e9n foto is gemaakt . Door deze werkwijze worden nieuwe werkelijkheden gecre\u00eberd. Soms is dit een realistische foto, maar vaak werk ik met allerlei lagen waardoor schilderachtige effecten ontstaan.<\/p>\n<p>Een aantal van de foto&#8217;s doen denken aan oude meesters in de schilderkunst zoals bijvoorbeeld Degas, Henk Helmantel of Monet. Enkele foto&#8217;s zijn ook in de stijl van bekende fotografen zoals bijvoorbeeld Ruud van Empel en Saskia Boelens.<\/p>\n<p>Naast fotografie ben ik werkzaam als <a href=\"https:\/\/marijkevanloon.nl\/kleuradvies-2\/\">kleur- en belevingsspecialist<\/a> voor de bebouwde omgeving. Ik maak mijn ontwerpen vanuit de psychologische werking van kleur,\u00a0 de bewuste en onbewuste waarneming. Met goed kleurgebruik in de omgeving kunnen we het gedrag van mensen positief be\u00efnvloeden, het gedrag een beetje sturen. Mensen functioneren beter in een op de functie afgestemde omgeving.<\/p>\n<p><img loading=\"lazy\" class=\"alignnone wp-image-339 size-medium\" src=\"http:\/\/fotografie.marijkevanloon.nl\/wp-content\/uploads\/2022\/07\/IMG_4282.150-e1657656342314-248x300.jpg\" alt=\"\" width=\"248\" height=\"300\" srcset=\"https:\/\/fotografie.marijkevanloon.nl\/wp-content\/uploads\/2022\/07\/IMG_4282.150-e1657656342314-248x300.jpg 248w, https:\/\/fotografie.marijkevanloon.nl\/wp-content\/uploads\/2022\/07\/IMG_4282.150-e1657656342314-350x424.jpg 350w, https:\/\/fotografie.marijkevanloon.nl\/wp-content\/uploads\/2022\/07\/IMG_4282.150-e1657656342314-845x1024.jpg 845w, https:\/\/fotografie.marijkevanloon.nl\/wp-content\/uploads\/2022\/07\/IMG_4282.150-e1657656342314-768x931.jpg 768w, https:\/\/fotografie.marijkevanloon.nl\/wp-content\/uploads\/2022\/07\/IMG_4282.150-e1657656342314.jpg 1066w\" sizes=\"(max-width: 248px) 100vw, 248px\" \/><\/p>\n<p>Vanuit mijn opleiding en professie geef ik eveneens <a href=\"https:\/\/marijkevanloon.nl\/kleuracademie-voor-bouwkunde\/\">les in kleur<\/a> en heb daarnaast een boek, <a href=\"https:\/\/marijkevanloon.nl\/slider-boek\/\">De Grammatica van Kleur<\/a>, geschreven. \u00a0De Grammatica van Kleur beschrijft in 18 hoofdstukken, 248 pagina&#8217;s en met 670 illustraties alle aspecten van kleur.<\/p>\n<p><span style=\"color: #121111;\">https:\/\/hendrikkerstens.com\/, https:\/\/hendrikkerstens.com\/, https:\/\/hendrikkerstens.com\/, https:\/\/www.erwinolaf.com\/, https:\/\/www.erwinolaf.com\/, https:\/\/www.erwinolaf.com\/, <span style=\"font-size: 1rem;\">Rineke Dijkstra, Rineke Dijkstra, Rineke Dijkstra, <\/span><span style=\"font-size: 1rem;\">Anton Corbijn, Anton Corbijn, Anton Corbijn, https:\/\/hendrikkerstens.com\/, https:\/\/hendrikkerstens.com\/, https:\/\/hendrikkerstens.com\/, https:\/\/www.carlavandeputtelaar.com\/, https:\/\/www.carlavandeputtelaar.com\/, https:\/\/www.carlavandeputtelaar.com\/,https:\/\/www.desireedolron.com\/,\u00a0 https:\/\/www.desireedolron.com\/, https:\/\/www.desireedolron.com\/, Ruud van Empel, Ruud van Empel, Ruud van Empel, Saskia Boelens, Saskia Boelens, Saskia Boelens, het perfecte plaatje, het perfecte plaatje, het perfecte plaatje, https:\/\/www.williamrutten.com\/, https:\/\/www.williamrutten.com\/, https:\/\/www.williamrutten.com\/, http:\/\/lanting.com\/, http:\/\/lanting.com\/, https:\/\/www.kolvoortonderwaterfoto.nl\/, https:\/\/www.kolvoortonderwaterfoto.nl\/, <\/span>Bethany de Forest, Bethany de Forest, Bethany de Forest, http:\/\/www.charlottedumas.nl\/, http:\/\/www.charlottedumas.nl\/, http:\/\/www.charlottedumas.nl\/<\/span><\/p>\n<div class=\"hHq9Z\">\n<div data-hveid=\"CAQQAA\">\n<div class=\"gyEfO\">\n<div class=\"wDYxhc NFQFxe viOShc LKPcQc\" data-md=\"221\" data-hveid=\"CAYQAA\" data-ved=\"2ahUKEwi97Puwk_v6AhVSzaQKHUT3BVQQnKEBegQIBhAA\">\n<div class=\"ZxoDOe yGdMVd\">\n<div class=\"UFE1qd\">\n<div class=\"EGmpye\">\n<div class=\"wx62f PZPZlf x7XAkb\" data-attrid=\"subtitle\"><\/div>\n<div class=\"oQDTXb\">\n<div>\n<div class=\"rIbAWc MfhWr\" tabindex=\"0\" role=\"button\" aria-expanded=\"false\" aria-haspopup=\"true\"><\/div>\n<\/div>\n<\/div>\n<\/div>\n<\/div>\n<\/div>\n<\/div>\n<\/div>\n<\/div>\n<\/div>\n<div class=\"GRl5yb a8pxAe\">\n<div id=\"JTPWx\" role=\"tablist\" data-hveid=\"CAsQAA\"><\/div>\n<\/div>\n<div class=\"hHq9Z\">\n<div data-hveid=\"CAoQAA\">\n<div class=\"gyEfO\">\n<div class=\"wDYxhc NFQFxe viOShc LKPcQc\" data-md=\"221\" data-hveid=\"CAsQAA\" data-ved=\"2ahUKEwiN8-eRk_v6AhVshv0HHU-hDKcQnKEBegQICxAA\">\n<div class=\"ZxoDOe yGdMVd\">\n<div class=\"UFE1qd\">\n<div class=\"EGmpye\">\n<div class=\"wx62f PZPZlf x7XAkb\" data-attrid=\"subtitle\"><\/div>\n<div class=\"oQDTXb\">\n<div>\n<div class=\"rIbAWc MfhWr\" tabindex=\"0\" role=\"button\" aria-expanded=\"false\" aria-haspopup=\"true\"><\/div>\n<\/div>\n<\/div>\n<\/div>\n<\/div>\n<\/div>\n<\/div>\n<\/div>\n<\/div>\n<\/div>\n<div class=\"GRl5yb a8pxAe\">\n<div id=\"JTPWx\" role=\"tablist\" data-hveid=\"CA8QAA\"><\/div>\n<\/div>\n<p>&nbsp;<\/p>\n","protected":false},"excerpt":{"rendered":"<p>&nbsp; &nbsp; &nbsp; &nbsp; &nbsp; Welkom op mijn fotosite. Ik hoop u te verassen met mijn werk. Mijn naam is Marijke van Loon en ben opgeleid in de beeldende kunst. Vanuit deze achtergrond maak ik ook mijn foto&#8217;s. Niet het onderwerp, maar de manier van kijken bepaalt het uiteindelijke beeld. Zo kunt u in mijn &hellip; <\/p>\n<p class=\"link-more\"><a href=\"https:\/\/fotografie.marijkevanloon.nl\/\" class=\"more-link\">Lees verder <span class=\"screen-reader-text\">&#8220;Over mij&#8221;<\/span><\/a><\/p>\n","protected":false},"author":2,"featured_media":0,"parent":0,"menu_order":0,"comment_status":"closed","ping_status":"closed","template":"","meta":[],"_links":{"self":[{"href":"https:\/\/fotografie.marijkevanloon.nl\/index.php?rest_route=\/wp\/v2\/pages\/15"}],"collection":[{"href":"https:\/\/fotografie.marijkevanloon.nl\/index.php?rest_route=\/wp\/v2\/pages"}],"about":[{"href":"https:\/\/fotografie.marijkevanloon.nl\/index.php?rest_route=\/wp\/v2\/types\/page"}],"author":[{"embeddable":true,"href":"https:\/\/fotografie.marijkevanloon.nl\/index.php?rest_route=\/wp\/v2\/users\/2"}],"replies":[{"embeddable":true,"href":"https:\/\/fotografie.marijkevanloon.nl\/index.php?rest_route=%2Fwp%2Fv2%2Fcomments&post=15"}],"version-history":[{"count":25,"href":"https:\/\/fotografie.marijkevanloon.nl\/index.php?rest_route=\/wp\/v2\/pages\/15\/revisions"}],"predecessor-version":[{"id":2515,"href":"https:\/\/fotografie.marijkevanloon.nl\/index.php?rest_route=\/wp\/v2\/pages\/15\/revisions\/2515"}],"wp:attachment":[{"href":"https:\/\/fotografie.marijkevanloon.nl\/index.php?rest_route=%2Fwp%2Fv2%2Fmedia&parent=15"}],"curies":[{"name":"wp","href":"https:\/\/api.w.org\/{rel}","templated":true}]}}